{"id":402,"date":"2018-11-30T15:32:19","date_gmt":"2018-11-30T14:32:19","guid":{"rendered":"https:\/\/www.cftc-afr.fr\/?page_id=402"},"modified":"2018-11-30T15:32:19","modified_gmt":"2018-11-30T14:32:19","slug":"mentions-legales","status":"publish","type":"page","link":"https:\/\/www.cftc-afr.fr\/index.php\/mentions-legales\/","title":{"rendered":"Mentions l\u00e9gales"},"content":{"rendered":"<h2>\u00c9diteur du site, conception et r\u00e9alisation<\/h2>\n<p>CFTC-CSFV<\/p>\n<p>34 quai de la Loire &#8211;\u00a075019 &#8211; Paris<\/p>\n<p>Tel : 01.46.07.91.39<\/p>\n<p>Mail :\u00a0<u><a href=\"mailto:contact@csfv.fr\">contact@csfv.fr<\/a><\/u><\/p>\n<p>Responsable de la r\u00e9daction :\u00a0Service communication<\/p>\n<p>&nbsp;<\/p>\n<h2>H\u00e9bergement<\/h2>\n<p>L\u2019h\u00e9bergement du site est r\u00e9alis\u00e9 par la\u00a0F\u00e9d\u00e9ration CFTC-CSFV dans ses locaux.<\/p>\n<p>&nbsp;<\/p>\n<h2>Propri\u00e9t\u00e9<\/h2>\n<p>L\u2019ensemble de ce site est r\u00e9gi par la l\u00e9gislation fran\u00e7aise sur le droit d\u2019auteur et la propri\u00e9t\u00e9 intellectuelle. Le contenu du site, incluant, de fa\u00e7on non limitative, les images, graphismes, textes, vid\u00e9os, logos, et ic\u00f4nes sont la propri\u00e9t\u00e9 exclusive de la f\u00e9d\u00e9ration syndicale CFTC-CSFV \u00e0 l\u2019exception des marques, logos ou contenus appartenant \u00e0 d\u2019autres soci\u00e9t\u00e9s partenaires ou auteurs.<\/p>\n<p>La reproduction, la repr\u00e9sentation, le transfert, la distribution, ou l\u2019enregistrement de tout ou partie de ces \u00e9l\u00e9ments est formellement interdite sans l\u2019autorisation expresse de la f\u00e9d\u00e9ration syndicale CFTC-CSFV.<\/p>\n<p>&nbsp;<\/p>\n<h2>Cookies<\/h2>\n<p>Afin d\u2019am\u00e9liorer et de personnaliser la navigation, des cookies peuvent \u00eatre d\u00e9pos\u00e9s sur votre ordinateur. Vous pouvez choisir de refuser ces cookies en param\u00e9trant votre navigateur. Pour en savoir plus sur le fonctionnement des cookies, nous vous invitons \u00e0\u00a0lire cette page sur le site de la CNIL :\u00a0<u><a href=\"https:\/\/www.cnil.fr\/fr\/site-web-cookies-et-autres-traceurs\" target=\"_blank\" rel=\"noopener\">https:\/\/www.cnil.fr\/fr\/site-web-cookies-et-autres-traceurs<\/a><\/u><\/p>\n<p>&nbsp;<\/p>\n<h2>Responsabilit\u00e9<\/h2>\n<p>Le site de la CFTC-AFR comporte des informations mises \u00e0 disposition par des personnes physiques et\/ou morales externes ou encore des liens hypertextes vers d\u2019autres sites Internet ou blogs qui n\u2019ont pas \u00e9t\u00e9 d\u00e9velopp\u00e9s par\u00a0la f\u00e9d\u00e9ration syndicale CFTC-CSFV. Le contenu mis \u00e0 disposition sur le site de la CFTC-AFR est fourni \u00e0 titre informatif. L\u2019existence d\u2019un lien de ce site vers un autre site Internet ne constitue pas une validation de ce site Internet ou de son contenu. Il appartient \u00e0 l\u2019internaute d\u2019utiliser ces informations avec discernement et esprit critique. La responsabilit\u00e9 de la CFTC-AFR ne saurait \u00eatre engag\u00e9e du fait des informations, des opinions et des recommandations formul\u00e9es par des tiers.<\/p>\n<p>L\u2019utilisation du site se fait \u00e0 vos propres risques. Bien que la CFTC-AFR s\u2019efforce d\u2019assurer au mieux l\u2019exactitude des informations diffus\u00e9es, la CFTC-AFR ne peut garantir l\u2019exactitude, la v\u00e9racit\u00e9 ou la compl\u00e9tude des informations post\u00e9es sur le site et\/ou \u00e0 propos des commentaires que ces informations peuvent susciter.<\/p>\n<p>Par cons\u00e9quent, la CFTC-AFR exclut toute responsabilit\u00e9 pour n\u2019importe quel pr\u00e9judice caus\u00e9 directement et\/ou indirectement, de quelque fa\u00e7on que ce soit, du fait de l\u2019utilisation du site. Notamment, la CFTC-AFR ne sera en aucun cas responsable d\u2019un quelconque pr\u00e9judice, caus\u00e9 par :<\/p>\n<ul>\n<li>Des faits et actions des tiers ;<\/li>\n<li>l\u2019impossibilit\u00e9 d\u2019utiliser le site ;<\/li>\n<li>l\u2019utilisation irr\u00e9guli\u00e8re du site et\/ou des syst\u00e8mes informatiques de la CFTC-AFR par un tiers.<\/li>\n<\/ul>\n","protected":false},"excerpt":{"rendered":"<p>\u00c9diteur du site, conception et r\u00e9alisation CFTC-CSFV 34 quai de la Loire &#8211;\u00a075019 &#8211; Paris Tel : 01.46.07.91.39 Mail :\u00a0contact@csfv.fr Responsable de la r\u00e9daction :\u00a0Service communication &nbsp; H\u00e9bergement L\u2019h\u00e9bergement du site est r\u00e9alis\u00e9 par la\u00a0F\u00e9d\u00e9ration CFTC-CSFV dans ses locaux. &nbsp; Propri\u00e9t\u00e9 L\u2019ensemble de ce site est r\u00e9gi par la l\u00e9gislation fran\u00e7aise sur le droit d\u2019auteur&#8230;<\/p>\n","protected":false},"author":1,"featured_media":0,"parent":0,"menu_order":0,"comment_status":"closed","ping_status":"closed","template":"","meta":{"jetpack_post_was_ever_published":false,"footnotes":""},"class_list":["post-402","page","type-page","status-publish","hentry"],"yoast_head":"<!-- This site is optimized with the Yoast SEO plugin v27.5 - https:\/\/yoast.com\/product\/yoast-seo-wordpress\/ -->\n<title>Mentions l\u00e9gales - CFTC-AFR<\/title>\n<meta name=\"robots\" content=\"index, follow, max-snippet:-1, max-image-preview:large, max-video-preview:-1\" \/>\n<link rel=\"canonical\" href=\"https:\/\/www.cftc-afr.fr\/index.php\/mentions-legales\/\" \/>\n<meta property=\"og:locale\" content=\"fr_FR\" \/>\n<meta property=\"og:type\" content=\"article\" \/>\n<meta property=\"og:title\" content=\"Mentions l\u00e9gales - CFTC-AFR\" \/>\n<meta property=\"og:description\" content=\"\u00c9diteur du site, conception et r\u00e9alisation CFTC-CSFV 34 quai de la Loire &#8211;\u00a075019 &#8211; Paris Tel : 01.46.07.91.39 Mail :\u00a0contact@csfv.fr Responsable de la r\u00e9daction :\u00a0Service communication &nbsp; H\u00e9bergement L\u2019h\u00e9bergement du site est r\u00e9alis\u00e9 par la\u00a0F\u00e9d\u00e9ration CFTC-CSFV dans ses locaux. &nbsp; Propri\u00e9t\u00e9 L\u2019ensemble de ce site est r\u00e9gi par la l\u00e9gislation fran\u00e7aise sur le droit d\u2019auteur...\" \/>\n<meta property=\"og:url\" content=\"https:\/\/www.cftc-afr.fr\/index.php\/mentions-legales\/\" \/>\n<meta property=\"og:site_name\" content=\"CFTC-AFR\" \/>\n<meta name=\"twitter:card\" content=\"summary_large_image\" \/>\n<meta name=\"twitter:label1\" content=\"Dur\u00e9e de lecture estim\u00e9e\" \/>\n\t<meta name=\"twitter:data1\" content=\"2 minutes\" \/>\n<script type=\"application\/ld+json\" class=\"yoast-schema-graph\">{\"@context\":\"https:\\\/\\\/schema.org\",\"@graph\":[{\"@type\":\"WebPage\",\"@id\":\"https:\\\/\\\/www.cftc-afr.fr\\\/index.php\\\/mentions-legales\\\/\",\"url\":\"https:\\\/\\\/www.cftc-afr.fr\\\/index.php\\\/mentions-legales\\\/\",\"name\":\"Mentions l\u00e9gales - CFTC-AFR\",\"isPartOf\":{\"@id\":\"https:\\\/\\\/www.cftc-afr.fr\\\/#website\"},\"datePublished\":\"2018-11-30T14:32:19+00:00\",\"breadcrumb\":{\"@id\":\"https:\\\/\\\/www.cftc-afr.fr\\\/index.php\\\/mentions-legales\\\/#breadcrumb\"},\"inLanguage\":\"fr-FR\",\"potentialAction\":[{\"@type\":\"ReadAction\",\"target\":[\"https:\\\/\\\/www.cftc-afr.fr\\\/index.php\\\/mentions-legales\\\/\"]}]},{\"@type\":\"BreadcrumbList\",\"@id\":\"https:\\\/\\\/www.cftc-afr.fr\\\/index.php\\\/mentions-legales\\\/#breadcrumb\",\"itemListElement\":[{\"@type\":\"ListItem\",\"position\":1,\"name\":\"Accueil\",\"item\":\"https:\\\/\\\/www.cftc-afr.fr\\\/\"},{\"@type\":\"ListItem\",\"position\":2,\"name\":\"Mentions l\u00e9gales\"}]},{\"@type\":\"WebSite\",\"@id\":\"https:\\\/\\\/www.cftc-afr.fr\\\/#website\",\"url\":\"https:\\\/\\\/www.cftc-afr.fr\\\/\",\"name\":\"CFTC-AFR\",\"description\":\"La vie \u00e0 d\u00e9fendre\",\"potentialAction\":[{\"@type\":\"SearchAction\",\"target\":{\"@type\":\"EntryPoint\",\"urlTemplate\":\"https:\\\/\\\/www.cftc-afr.fr\\\/?s={search_term_string}\"},\"query-input\":{\"@type\":\"PropertyValueSpecification\",\"valueRequired\":true,\"valueName\":\"search_term_string\"}}],\"inLanguage\":\"fr-FR\"}]}<\/script>\n<!-- \/ Yoast SEO plugin. -->","yoast_head_json":{"title":"Mentions l\u00e9gales - CFTC-AFR","robots":{"index":"index","follow":"follow","max-snippet":"max-snippet:-1","max-image-preview":"max-image-preview:large","max-video-preview":"max-video-preview:-1"},"canonical":"https:\/\/www.cftc-afr.fr\/index.php\/mentions-legales\/","og_locale":"fr_FR","og_type":"article","og_title":"Mentions l\u00e9gales - CFTC-AFR","og_description":"\u00c9diteur du site, conception et r\u00e9alisation CFTC-CSFV 34 quai de la Loire &#8211;\u00a075019 &#8211; Paris Tel : 01.46.07.91.39 Mail :\u00a0contact@csfv.fr Responsable de la r\u00e9daction :\u00a0Service communication &nbsp; H\u00e9bergement L\u2019h\u00e9bergement du site est r\u00e9alis\u00e9 par la\u00a0F\u00e9d\u00e9ration CFTC-CSFV dans ses locaux. &nbsp; Propri\u00e9t\u00e9 L\u2019ensemble de ce site est r\u00e9gi par la l\u00e9gislation fran\u00e7aise sur le droit d\u2019auteur...","og_url":"https:\/\/www.cftc-afr.fr\/index.php\/mentions-legales\/","og_site_name":"CFTC-AFR","twitter_card":"summary_large_image","twitter_misc":{"Dur\u00e9e de lecture estim\u00e9e":"2 minutes"},"schema":{"@context":"https:\/\/schema.org","@graph":[{"@type":"WebPage","@id":"https:\/\/www.cftc-afr.fr\/index.php\/mentions-legales\/","url":"https:\/\/www.cftc-afr.fr\/index.php\/mentions-legales\/","name":"Mentions l\u00e9gales - CFTC-AFR","isPartOf":{"@id":"https:\/\/www.cftc-afr.fr\/#website"},"datePublished":"2018-11-30T14:32:19+00:00","breadcrumb":{"@id":"https:\/\/www.cftc-afr.fr\/index.php\/mentions-legales\/#breadcrumb"},"inLanguage":"fr-FR","potentialAction":[{"@type":"ReadAction","target":["https:\/\/www.cftc-afr.fr\/index.php\/mentions-legales\/"]}]},{"@type":"BreadcrumbList","@id":"https:\/\/www.cftc-afr.fr\/index.php\/mentions-legales\/#breadcrumb","itemListElement":[{"@type":"ListItem","position":1,"name":"Accueil","item":"https:\/\/www.cftc-afr.fr\/"},{"@type":"ListItem","position":2,"name":"Mentions l\u00e9gales"}]},{"@type":"WebSite","@id":"https:\/\/www.cftc-afr.fr\/#website","url":"https:\/\/www.cftc-afr.fr\/","name":"CFTC-AFR","description":"La vie \u00e0 d\u00e9fendre","potentialAction":[{"@type":"SearchAction","target":{"@type":"EntryPoint","urlTemplate":"https:\/\/www.cftc-afr.fr\/?s={search_term_string}"},"query-input":{"@type":"PropertyValueSpecification","valueRequired":true,"valueName":"search_term_string"}}],"inLanguage":"fr-FR"}]}},"jetpack_sharing_enabled":true,"jetpack_shortlink":"https:\/\/wp.me\/PauKx7-6u","_links":{"self":[{"href":"https:\/\/www.cftc-afr.fr\/index.php\/wp-json\/wp\/v2\/pages\/402","targetHints":{"allow":["GET"]}}],"collection":[{"href":"https:\/\/www.cftc-afr.fr\/index.php\/wp-json\/wp\/v2\/pages"}],"about":[{"href":"https:\/\/www.cftc-afr.fr\/index.php\/wp-json\/wp\/v2\/types\/page"}],"author":[{"embeddable":true,"href":"https:\/\/www.cftc-afr.fr\/index.php\/wp-json\/wp\/v2\/users\/1"}],"replies":[{"embeddable":true,"href":"https:\/\/www.cftc-afr.fr\/index.php\/wp-json\/wp\/v2\/comments?post=402"}],"version-history":[{"count":1,"href":"https:\/\/www.cftc-afr.fr\/index.php\/wp-json\/wp\/v2\/pages\/402\/revisions"}],"predecessor-version":[{"id":403,"href":"https:\/\/www.cftc-afr.fr\/index.php\/wp-json\/wp\/v2\/pages\/402\/revisions\/403"}],"wp:attachment":[{"href":"https:\/\/www.cftc-afr.fr\/index.php\/wp-json\/wp\/v2\/media?parent=402"}],"curies":[{"name":"wp","href":"https:\/\/api.w.org\/{rel}","templated":true}]}}